{"id":4948,"date":"2025-12-18T22:28:50","date_gmt":"2025-12-18T21:28:50","guid":{"rendered":"https:\/\/swieceharmonii.pl\/?post_type=product&#038;p=4948"},"modified":"2026-01-12T13:29:08","modified_gmt":"2026-01-12T12:29:08","slug":"voucher-podarunkowy-elektroniczny-kopia","status":"publish","type":"product","link":"https:\/\/swieceharmonii.pl\/?product=voucher-podarunkowy-elektroniczny-kopia","title":{"rendered":"Voucher podarunkowy elektroniczny"},"content":{"rendered":"<p data-start=\"225\" data-end=\"350\">Wyb\u00f3r idealnego zapachu dla kogo\u015b innego mo\u017ce by\u0107 trudny.<br data-start=\"282\" data-end=\"285\" \/>Ka\u017cdy ma inny zmys\u0142, inn\u0105 wra\u017cliwo\u015b\u0107 i potrzebuje czego\u015b swojego.<\/p>\n<p data-start=\"352\" data-end=\"544\">Dlatego elektroniczny Voucher Podarunkowy \u015awiece Harmonii nie narzuca wyboru \u2013 daje przestrze\u0144, by osoba obdarowana sama zdecydowa\u0142a, co najlepiej odpowiada jej potrzebom w danym momencie.<\/p>\n<p><span style=\"font-size: inherit;\">Elektroniczny Voucher Podarunkowy <\/span><strong style=\"font-size: inherit;\" data-start=\"300\" data-end=\"319\">\u015awiece Harmonii<\/strong><span style=\"font-size: inherit;\"> to \u015bwiadomy prezent online \u2013 idealny tak\u017ce na ostatni\u0105 chwil\u0119.<\/span><\/p>\n<p data-start=\"627\" data-end=\"692\">To prezent z uwa\u017cno\u015bci\u0105 \u2013 bez presji i bez przypadkowych wybor\u00f3w.<\/p>\n<hr data-start=\"694\" data-end=\"697\" \/>\n<h3 data-start=\"699\" data-end=\"721\">Forma i realizacja<\/h3>\n<p data-start=\"722\" data-end=\"905\">Voucher wysy\u0142any jest <strong data-start=\"744\" data-end=\"804\">automatycznie e-mailem po zakupie i op\u0142aceniu zam\u00f3wienia<\/strong>.<br data-start=\"805\" data-end=\"808\" \/>Otrzymujesz go w formacie <strong data-start=\"834\" data-end=\"844\">PDF A4<\/strong>, wygodnym do wydruku r\u00f3wnie\u017c w domowej wersji czarno-bia\u0142ej.<\/p>\n<p data-start=\"907\" data-end=\"1039\">Ka\u017cdy voucher zawiera <strong data-start=\"929\" data-end=\"945\">unikalny kod<\/strong>, kt\u00f3ry nale\u017cy wpisa\u0107 w koszyku podczas sk\u0142adania zam\u00f3wienia na stronie <strong data-start=\"1017\" data-end=\"1038\">swieceharmonii.pl<\/strong>.<\/p>\n<h3 data-start=\"1046\" data-end=\"1074\">Najwa\u017cniejsze informacje<\/h3>\n<p data-start=\"1075\" data-end=\"1234\">\u2022 voucher prezentowy online (PDF)<br data-start=\"1108\" data-end=\"1111\" \/>\u2022 format: A4<br data-start=\"1123\" data-end=\"1126\" \/>\u2022 wysy\u0142ka: automatyczna e-mail<br data-start=\"1156\" data-end=\"1159\" \/>\u2022 realizacja: kod rabatowy w koszyku<br data-start=\"1195\" data-end=\"1198\" \/>\u2022 wa\u017cno\u015b\u0107: <strong data-start=\"1209\" data-end=\"1234\">90 dni od daty zakupu<\/strong><\/p>\n","protected":false},"excerpt":{"rendered":"<p><span style=\"font-size: inherit;\">Elektroniczny Voucher Podarunkowy obejmuje ca\u0142y asortyment: \u015awiece i Bi\u017cuteria<\/span><\/p>\n","protected":false},"featured_media":4951,"comment_status":"open","ping_status":"closed","template":"","meta":[],"product_brand":[],"product_cat":[15,28,26,25],"product_tag":[],"class_list":{"0":"post-4948","1":"product","2":"type-product","3":"status-publish","4":"has-post-thumbnail","6":"product_cat-bez-kategorii","7":"product_cat-bizuteria","8":"product_cat-swiece-aromaterapia","9":"product_cat-swiece-zapachowe","10":"sales-flash-overlay","11":"woocommerce-text-align-center","12":"woocommerce-image-align-center","13":"do-quantity-buttons","15":"first","16":"instock","17":"featured","18":"virtual","19":"purchasable","20":"product-type-simple"},"jetpack_sharing_enabled":true,"_links":{"self":[{"href":"https:\/\/swieceharmonii.pl\/index.php?rest_route=\/wp\/v2\/product\/4948","targetHints":{"allow":["GET"]}}],"collection":[{"href":"https:\/\/swieceharmonii.pl\/index.php?rest_route=\/wp\/v2\/product"}],"about":[{"href":"https:\/\/swieceharmonii.pl\/index.php?rest_route=\/wp\/v2\/types\/product"}],"replies":[{"embeddable":true,"href":"https:\/\/swieceharmonii.pl\/index.php?rest_route=%2Fwp%2Fv2%2Fcomments&post=4948"}],"wp:featuredmedia":[{"embeddable":true,"href":"https:\/\/swieceharmonii.pl\/index.php?rest_route=\/wp\/v2\/media\/4951"}],"wp:attachment":[{"href":"https:\/\/swieceharmonii.pl\/index.php?rest_route=%2Fwp%2Fv2%2Fmedia&parent=4948"}],"wp:term":[{"taxonomy":"product_brand","embeddable":true,"href":"https:\/\/swieceharmonii.pl\/index.php?rest_route=%2Fwp%2Fv2%2Fproduct_brand&post=4948"},{"taxonomy":"product_cat","embeddable":true,"href":"https:\/\/swieceharmonii.pl\/index.php?rest_route=%2Fwp%2Fv2%2Fproduct_cat&post=4948"},{"taxonomy":"product_tag","embeddable":true,"href":"https:\/\/swieceharmonii.pl\/index.php?rest_route=%2Fwp%2Fv2%2Fproduct_tag&post=4948"}],"curies":[{"name":"wp","href":"https:\/\/api.w.org\/{rel}","templated":true}]}}