{"id":4904,"date":"2025-11-21T14:48:03","date_gmt":"2025-11-21T13:48:03","guid":{"rendered":"https:\/\/swieceharmonii.pl\/?post_type=product&#038;p=4904"},"modified":"2026-01-14T20:49:57","modified_gmt":"2026-01-14T19:49:57","slug":"swieca-sojowa-zapachowa-palo-santo","status":"publish","type":"product","link":"https:\/\/swieceharmonii.pl\/?product=swieca-sojowa-zapachowa-palo-santo","title":{"rendered":"\u015awieca sojowa zapachowa PALO SANTO"},"content":{"rendered":"<p data-start=\"244\" data-end=\"495\">\u201ePalo Santo\u201d to <strong data-start=\"260\" data-end=\"293\">r\u0119cznie robiona \u015bwieca sojowa<\/strong> inspirowana drzewem, znanym ze swojej koj\u0105cej i oczyszczaj\u0105cej energii. Jej ciep\u0142y, \u017cywiczny aromat otula przestrze\u0144 spokojem, tworz\u0105c atmosfer\u0119 skupienia, harmonii i wewn\u0119trznego wyciszenia. To <strong data-start=\"500\" data-end=\"520\">\u015bwieca zapachowa<\/strong> idealna do medytacji, pracy z intencj\u0105 lub po prostu jako codzienny rytua\u0142, kt\u00f3ry pomaga zwolni\u0107 i wr\u00f3ci\u0107 do siebie. Naturalny, g\u0142\u0119boki zapach palo santo wprowadza poczucie obecno\u015bci i lekko\u015bci w Twoim domu.<\/p>\n<p><strong>Dane techniczne:<\/strong><br \/>\nPojemno\u015b\u0107 wosku: ok.180ml<br \/>\nOlejek: Autorska Kompozycja Olejk\u00f3w Zapachowych<br \/>\nSk\u0142ad: Wosk sojowy, olejki zapachowe<br \/>\nKnot: naturalny drewniany &#8211; bukowy<br \/>\nWieczko: Naturalne drewniane<br \/>\nPojemnik: Szk\u0142o wolne od o\u0142owiu i innych metali ci\u0119\u017ckich &#8211; Produkowane w Polsce<\/p>\n","protected":false},"excerpt":{"rendered":"<p>Je\u015bli chcesz aby \u015bwieca by\u0142a zapakowana na prezent dobierz <a href=\"https:\/\/swieceharmonii.pl\/?product=pakowanie-prezentowe\">opakowanie prezentowe tutaj.<\/a><\/p>\n","protected":false},"featured_media":4985,"comment_status":"open","ping_status":"closed","template":"","meta":[],"product_brand":[],"product_cat":[25],"product_tag":[],"class_list":{"0":"post-4904","1":"product","2":"type-product","3":"status-publish","4":"has-post-thumbnail","6":"product_cat-swiece-zapachowe","7":"pa_pakowanie-bez-opakowania","8":"pa_pakowanie-kartonik-prezentowy","9":"sales-flash-overlay","10":"woocommerce-text-align-center","11":"woocommerce-image-align-center","12":"do-quantity-buttons","13":"wc-has-gallery","15":"first","16":"instock","17":"shipping-taxable","18":"purchasable","19":"product-type-simple"},"jetpack_sharing_enabled":true,"_links":{"self":[{"href":"https:\/\/swieceharmonii.pl\/index.php?rest_route=\/wp\/v2\/product\/4904","targetHints":{"allow":["GET"]}}],"collection":[{"href":"https:\/\/swieceharmonii.pl\/index.php?rest_route=\/wp\/v2\/product"}],"about":[{"href":"https:\/\/swieceharmonii.pl\/index.php?rest_route=\/wp\/v2\/types\/product"}],"replies":[{"embeddable":true,"href":"https:\/\/swieceharmonii.pl\/index.php?rest_route=%2Fwp%2Fv2%2Fcomments&post=4904"}],"wp:featuredmedia":[{"embeddable":true,"href":"https:\/\/swieceharmonii.pl\/index.php?rest_route=\/wp\/v2\/media\/4985"}],"wp:attachment":[{"href":"https:\/\/swieceharmonii.pl\/index.php?rest_route=%2Fwp%2Fv2%2Fmedia&parent=4904"}],"wp:term":[{"taxonomy":"product_brand","embeddable":true,"href":"https:\/\/swieceharmonii.pl\/index.php?rest_route=%2Fwp%2Fv2%2Fproduct_brand&post=4904"},{"taxonomy":"product_cat","embeddable":true,"href":"https:\/\/swieceharmonii.pl\/index.php?rest_route=%2Fwp%2Fv2%2Fproduct_cat&post=4904"},{"taxonomy":"product_tag","embeddable":true,"href":"https:\/\/swieceharmonii.pl\/index.php?rest_route=%2Fwp%2Fv2%2Fproduct_tag&post=4904"}],"curies":[{"name":"wp","href":"https:\/\/api.w.org\/{rel}","templated":true}]}}