{"id":4855,"date":"2025-11-06T19:10:41","date_gmt":"2025-11-06T18:10:41","guid":{"rendered":"https:\/\/swieceharmonii.pl\/?post_type=product&#038;p=4855"},"modified":"2026-02-09T00:49:28","modified_gmt":"2026-02-08T23:49:28","slug":"swieca-sojowa-zapachowa-zen-orientu","status":"publish","type":"product","link":"https:\/\/swieceharmonii.pl\/?product=swieca-sojowa-zapachowa-zen-orientu","title":{"rendered":"\u015awieca sojowa zapachowa ZEN ORIENTU"},"content":{"rendered":"<p>\u201eZen Orientu\u201d to <strong data-start=\"1809\" data-end=\"1842\">r\u0119cznie robiona \u015bwieca sojowa<\/strong> o g\u0142\u0119bokim, orientalnym aromacie. Autorska kompozycja z nutami szafranu, cedru, sza\u0142wii i indyjskiego jedwabiu przenosi w \u015bwiat egzotycznych przypraw i spokoju wschodnich rytua\u0142\u00f3w. To <strong data-start=\"2027\" data-end=\"2057\">naturalna \u015bwieca zapachowa<\/strong>, kt\u00f3ra tworzy atmosfer\u0119 relaksu, harmonii i tajemnicy. Idealna do medytacji i wieczornego wyciszenia.<\/p>\n<p><strong>Dane techniczne:<\/strong><br \/>\nPojemno\u015b\u0107 wosku: ok.180ml<br \/>\nOlejek: Autorska Kompozycja Olejk\u00f3w Zapachowych<br \/>\nSk\u0142ad: Wosk sojowy, olejki zapachowe<br \/>\nKnot: naturalny drewniany &#8211; bukowy<br \/>\nWieczko: Naturalne drewniane<br \/>\nPojemnik: Szk\u0142o wolne od o\u0142owiu i innych metali ci\u0119\u017ckich &#8211; Produkowane w Polsce<\/p>\n","protected":false},"excerpt":{"rendered":"<p>Je\u015bli chcesz aby \u015bwieca by\u0142a zapakowana na prezent dobierz <a href=\"https:\/\/swieceharmonii.pl\/?product=pakowanie-prezentowe\">opakowanie prezentowe tutaj.<\/a><\/p>\n","protected":false},"featured_media":4979,"comment_status":"open","ping_status":"closed","template":"","meta":[],"product_brand":[],"product_cat":[25],"product_tag":[],"class_list":{"0":"post-4855","1":"product","2":"type-product","3":"status-publish","4":"has-post-thumbnail","6":"product_cat-swiece-zapachowe","7":"pa_pakowanie-bez-opakowania","8":"pa_pakowanie-kartonik-prezentowy","9":"sales-flash-overlay","10":"woocommerce-text-align-center","11":"woocommerce-image-align-center","12":"do-quantity-buttons","14":"first","15":"instock","16":"shipping-taxable","17":"purchasable","18":"product-type-simple"},"jetpack_sharing_enabled":true,"_links":{"self":[{"href":"https:\/\/swieceharmonii.pl\/index.php?rest_route=\/wp\/v2\/product\/4855","targetHints":{"allow":["GET"]}}],"collection":[{"href":"https:\/\/swieceharmonii.pl\/index.php?rest_route=\/wp\/v2\/product"}],"about":[{"href":"https:\/\/swieceharmonii.pl\/index.php?rest_route=\/wp\/v2\/types\/product"}],"replies":[{"embeddable":true,"href":"https:\/\/swieceharmonii.pl\/index.php?rest_route=%2Fwp%2Fv2%2Fcomments&post=4855"}],"wp:featuredmedia":[{"embeddable":true,"href":"https:\/\/swieceharmonii.pl\/index.php?rest_route=\/wp\/v2\/media\/4979"}],"wp:attachment":[{"href":"https:\/\/swieceharmonii.pl\/index.php?rest_route=%2Fwp%2Fv2%2Fmedia&parent=4855"}],"wp:term":[{"taxonomy":"product_brand","embeddable":true,"href":"https:\/\/swieceharmonii.pl\/index.php?rest_route=%2Fwp%2Fv2%2Fproduct_brand&post=4855"},{"taxonomy":"product_cat","embeddable":true,"href":"https:\/\/swieceharmonii.pl\/index.php?rest_route=%2Fwp%2Fv2%2Fproduct_cat&post=4855"},{"taxonomy":"product_tag","embeddable":true,"href":"https:\/\/swieceharmonii.pl\/index.php?rest_route=%2Fwp%2Fv2%2Fproduct_tag&post=4855"}],"curies":[{"name":"wp","href":"https:\/\/api.w.org\/{rel}","templated":true}]}}