{"id":4851,"date":"2025-11-06T18:57:11","date_gmt":"2025-11-06T17:57:11","guid":{"rendered":"https:\/\/swieceharmonii.pl\/?post_type=product&#038;p=4851"},"modified":"2025-11-06T19:22:10","modified_gmt":"2025-11-06T18:22:10","slug":"swieca-sojowa-zapachowa-oh-good-girl","status":"publish","type":"product","link":"https:\/\/swieceharmonii.pl\/?product=swieca-sojowa-zapachowa-oh-good-girl","title":{"rendered":"\u015awieca sojowa zapachowa Oh! GOOD GIRL"},"content":{"rendered":"<p>\u201eGood Girl\u201d to <strong data-start=\"942\" data-end=\"1018\">sojowa \u015bwieca zapachowa inspirowana kultowymi perfumami Caroliny Herrery<\/strong>. Zmys\u0142owa, elegancka i wyrazista \u2013 \u0142\u0105czy w sobie kobiec\u0105 si\u0142\u0119 i delikatno\u015b\u0107. R\u0119cznie robiona z naturalnego wosku sojowego, wype\u0142nia przestrze\u0144 luksusowym aromatem i tworzy atmosfer\u0119 wyj\u0105tkowo\u015bci. Idealna <strong data-start=\"1223\" data-end=\"1244\">\u015bwieca prezentowa<\/strong> dla kobiet ceni\u0105cych klas\u0119 i subtelny urok.<\/p>\n<p><strong>Dane techniczne:<\/strong><br \/>\nPojemno\u015b\u0107 wosku: ok.180ml<br \/>\nOlejek: Autorska Kompozycja Olejk\u00f3w Zapachowych<br \/>\nSk\u0142ad: Wosk sojowy, olejki zapachowe<br \/>\nKnot: naturalny drewniany &#8211; bukowy<br \/>\nWieczko: Naturalne drewniane<br \/>\nPojemnik: Szk\u0142o wolne od o\u0142owiu i innych metali ci\u0119\u017ckich &#8211; Produkowane w Polsce<\/p>\n","protected":false},"excerpt":{"rendered":"<p>Je\u015bli chcesz aby \u015bwieca by\u0142a zapakowana na prezent dobierz <a href=\"https:\/\/swieceharmonii.pl\/?product=pakowanie-prezentowe\">opakowanie prezentowe tutaj.<\/a><\/p>\n","protected":false},"featured_media":4852,"comment_status":"open","ping_status":"closed","template":"","meta":[],"product_brand":[],"product_cat":[25],"product_tag":[],"class_list":{"0":"post-4851","1":"product","2":"type-product","3":"status-publish","4":"has-post-thumbnail","6":"product_cat-swiece-zapachowe","7":"pa_pakowanie-bez-opakowania","8":"pa_pakowanie-kartonik-prezentowy","9":"sales-flash-overlay","10":"woocommerce-text-align-center","11":"woocommerce-image-align-center","12":"do-quantity-buttons","14":"first","15":"instock","16":"shipping-taxable","17":"purchasable","18":"product-type-simple"},"jetpack_sharing_enabled":true,"_links":{"self":[{"href":"https:\/\/swieceharmonii.pl\/index.php?rest_route=\/wp\/v2\/product\/4851","targetHints":{"allow":["GET"]}}],"collection":[{"href":"https:\/\/swieceharmonii.pl\/index.php?rest_route=\/wp\/v2\/product"}],"about":[{"href":"https:\/\/swieceharmonii.pl\/index.php?rest_route=\/wp\/v2\/types\/product"}],"replies":[{"embeddable":true,"href":"https:\/\/swieceharmonii.pl\/index.php?rest_route=%2Fwp%2Fv2%2Fcomments&post=4851"}],"wp:featuredmedia":[{"embeddable":true,"href":"https:\/\/swieceharmonii.pl\/index.php?rest_route=\/wp\/v2\/media\/4852"}],"wp:attachment":[{"href":"https:\/\/swieceharmonii.pl\/index.php?rest_route=%2Fwp%2Fv2%2Fmedia&parent=4851"}],"wp:term":[{"taxonomy":"product_brand","embeddable":true,"href":"https:\/\/swieceharmonii.pl\/index.php?rest_route=%2Fwp%2Fv2%2Fproduct_brand&post=4851"},{"taxonomy":"product_cat","embeddable":true,"href":"https:\/\/swieceharmonii.pl\/index.php?rest_route=%2Fwp%2Fv2%2Fproduct_cat&post=4851"},{"taxonomy":"product_tag","embeddable":true,"href":"https:\/\/swieceharmonii.pl\/index.php?rest_route=%2Fwp%2Fv2%2Fproduct_tag&post=4851"}],"curies":[{"name":"wp","href":"https:\/\/api.w.org\/{rel}","templated":true}]}}