{"id":4847,"date":"2025-11-06T18:24:39","date_gmt":"2025-11-06T17:24:39","guid":{"rendered":"https:\/\/swieceharmonii.pl\/?post_type=product&#038;p=4847"},"modified":"2025-11-06T19:22:23","modified_gmt":"2025-11-06T18:22:23","slug":"rozana","status":"publish","type":"product","link":"https:\/\/swieceharmonii.pl\/?product=rozana","title":{"rendered":"\u015awieca sojowa zapachowa R\u00d3\u017bANA"},"content":{"rendered":"<p>\u201eR\u00f3\u017cana\u201d to <strong data-start=\"2226\" data-end=\"2259\">r\u0119cznie robiona \u015bwieca sojowa<\/strong> o wyj\u0105tkowo kobiecym, romantycznym charakterze. Jej autorska kompozycja \u0142\u0105czy <strong data-start=\"2338\" data-end=\"2371\">r\u00f3\u017c\u0119 damasce\u0144sk\u0105 i herbacian\u0105<\/strong>, tworz\u0105c g\u0142\u0119boki, kwiatowy aromat. Bogato zdobiona suszonymi p\u0142atkami r\u00f3\u017c, staje si\u0119 nie tylko <strong data-start=\"2460\" data-end=\"2480\">\u015bwiec\u0105 zapachow\u0105<\/strong>, ale i pi\u0119kn\u0105 dekoracj\u0105 wn\u0119trza. Idealny wyb\u00f3r na prezent dla mi\u0142o\u015bniczek subtelnych, naturalnych zapach\u00f3w.<\/p>\n<p><strong>Dane techniczne:<\/strong><br \/>\nPojemno\u015b\u0107 wosku: ok.180ml<br \/>\nOlejek: Autorska Kompozycja Olejk\u00f3w Zapachowych<br \/>\nSk\u0142ad: Wosk sojowy, olejki zapachowe<br \/>\nKnot: naturalny drewniany &#8211; bukowy<br \/>\nWieczko: Naturalne drewniane<br \/>\nPojemnik: Szk\u0142o wolne od o\u0142owiu i innych metali ci\u0119\u017ckich &#8211; Produkowane w Polsce<\/p>\n","protected":false},"excerpt":{"rendered":"<p>Je\u015bli chcesz aby \u015bwieca by\u0142a zapakowana na prezent dobierz <a href=\"https:\/\/swieceharmonii.pl\/?product=pakowanie-prezentowe\">opakowanie prezentowe tutaj.<\/a><\/p>\n","protected":false},"featured_media":4849,"comment_status":"open","ping_status":"closed","template":"","meta":[],"product_brand":[],"product_cat":[25],"product_tag":[],"class_list":{"0":"post-4847","1":"product","2":"type-product","3":"status-publish","4":"has-post-thumbnail","6":"product_cat-swiece-zapachowe","7":"pa_pakowanie-bez-opakowania","8":"pa_pakowanie-kartonik-prezentowy","9":"sales-flash-overlay","10":"woocommerce-text-align-center","11":"woocommerce-image-align-center","12":"do-quantity-buttons","13":"wc-has-gallery","15":"first","16":"instock","17":"shipping-taxable","18":"purchasable","19":"product-type-simple"},"jetpack_sharing_enabled":true,"_links":{"self":[{"href":"https:\/\/swieceharmonii.pl\/index.php?rest_route=\/wp\/v2\/product\/4847","targetHints":{"allow":["GET"]}}],"collection":[{"href":"https:\/\/swieceharmonii.pl\/index.php?rest_route=\/wp\/v2\/product"}],"about":[{"href":"https:\/\/swieceharmonii.pl\/index.php?rest_route=\/wp\/v2\/types\/product"}],"replies":[{"embeddable":true,"href":"https:\/\/swieceharmonii.pl\/index.php?rest_route=%2Fwp%2Fv2%2Fcomments&post=4847"}],"wp:featuredmedia":[{"embeddable":true,"href":"https:\/\/swieceharmonii.pl\/index.php?rest_route=\/wp\/v2\/media\/4849"}],"wp:attachment":[{"href":"https:\/\/swieceharmonii.pl\/index.php?rest_route=%2Fwp%2Fv2%2Fmedia&parent=4847"}],"wp:term":[{"taxonomy":"product_brand","embeddable":true,"href":"https:\/\/swieceharmonii.pl\/index.php?rest_route=%2Fwp%2Fv2%2Fproduct_brand&post=4847"},{"taxonomy":"product_cat","embeddable":true,"href":"https:\/\/swieceharmonii.pl\/index.php?rest_route=%2Fwp%2Fv2%2Fproduct_cat&post=4847"},{"taxonomy":"product_tag","embeddable":true,"href":"https:\/\/swieceharmonii.pl\/index.php?rest_route=%2Fwp%2Fv2%2Fproduct_tag&post=4847"}],"curies":[{"name":"wp","href":"https:\/\/api.w.org\/{rel}","templated":true}]}}