{"id":4826,"date":"2025-11-01T16:34:34","date_gmt":"2025-11-01T15:34:34","guid":{"rendered":"https:\/\/swieceharmonii.pl\/?post_type=product&#038;p=4826"},"modified":"2026-02-09T00:50:28","modified_gmt":"2026-02-08T23:50:28","slug":"pomaranczacynamongozdzik","status":"publish","type":"product","link":"https:\/\/swieceharmonii.pl\/?product=pomaranczacynamongozdzik","title":{"rendered":"\u015awieca Sojowa Naturalna &#8211; Pomara\u0144cza &#038; Cynamon &#038; Go\u017adzik"},"content":{"rendered":"<p>Zanurz si\u0119 w ciep\u0142ym obj\u0119ciu chwil, gdzie czas zwalnia, a dom wype\u0142nia atmosfera blisko\u015bci, spokoju i mi\u0119kkiego \u015bwiat\u0142a p\u0142omienia. Czyste olejki eteryczne przenosz\u0105 Ci\u0119 w \u015bwiat pe\u0142en wspomnie\u0144 \u2013 s\u0142odkiej, soczystej pomara\u0144czy, rozgrzewaj\u0105cego cynamonu i korzennego go\u017adzika. \u015awieca zosta\u0142a stworzona z my\u015bl\u0105 o chwilach regeneracji i przyjemno\u015bci \u2013 jej delikatny wosk otulaj\u0105 sk\u00f3r\u0119 ciep\u0142em i koj\u0105cym aromatem.<br \/>\nIntensywno\u015b\u0107 zapachu: Intensywny, aromatyczny<\/p>\n<p><strong>Dzia\u0142anie:<\/strong><br \/>\nDoskonale dzia\u0142a na nastr\u00f3j, poprawia samopoczucie i dodaje energii do dzia\u0142ania.<br \/>\nMa dzia\u0142anie przeciwdepresyjne.<br \/>\nWspomaga uk\u0142ad odporno\u015bciowy i dzia\u0142a ochronnie w sezonie przezi\u0119bie\u0144 i grypy.<br \/>\nMa dzia\u0142anie przeciwalergiczne.<br \/>\nPodnosi libido i zwi\u0119ksza po\u017c\u0105danie.<\/p>\n<p><strong>Dane techniczne:<\/strong><br \/>\nPojemno\u015b\u0107 wosku: ok.180ml<br \/>\nOlejek: Naturalne Olejki Eteryczne w autorskiej kompozycji<span style=\"font-size: inherit;\"><br \/>\n<\/span><span style=\"font-size: inherit;\">Sk\u0142ad: Wosk sojowy, olejek eteryczny<br \/>\n<\/span><span style=\"font-size: inherit;\">Knot: naturalny drewniany &#8211; bukowy<br \/>\n<\/span><span style=\"font-size: inherit;\">Wieczko: Naturalne drewniane<br \/>\n<\/span><span style=\"font-size: inherit;\">Pojemnik: Szk\u0142o wolne od o\u0142owiu i innych metali ci\u0119\u017ckich &#8211; Produkowane w Polsce<\/span><\/p>\n","protected":false},"excerpt":{"rendered":"<p>Zanurz si\u0119 w ciep\u0142ym obj\u0119ciu chwil, gdzie czas zwalnia, a dom wype\u0142nia atmosfera blisko\u015bci, spokoju i mi\u0119kkiego \u015bwiat\u0142a p\u0142omienia. Czyste olejki eteryczne &#8230; <a title=\"\u015awieca Sojowa Naturalna &#8211; Pomara\u0144cza &#038; Cynamon &#038; Go\u017adzik\" class=\"read-more\" href=\"https:\/\/swieceharmonii.pl\/?product=pomaranczacynamongozdzik\" aria-label=\"Dowiedz si\u0119 wi\u0119cej o \u015awieca Sojowa Naturalna &#8211; Pomara\u0144cza &#038; Cynamon &#038; Go\u017adzik\">Czytaj dalej<\/a><\/p>\n","protected":false},"featured_media":4828,"comment_status":"open","ping_status":"closed","template":"","meta":[],"product_brand":[],"product_cat":[26],"product_tag":[],"class_list":{"0":"post-4826","1":"product","2":"type-product","3":"status-publish","4":"has-post-thumbnail","6":"product_cat-swiece-aromaterapia","7":"sales-flash-overlay","8":"woocommerce-text-align-center","9":"woocommerce-image-align-center","10":"do-quantity-buttons","11":"wc-has-gallery","13":"first","14":"onbackorder","15":"shipping-taxable","16":"purchasable","17":"product-type-simple"},"jetpack_sharing_enabled":true,"_links":{"self":[{"href":"https:\/\/swieceharmonii.pl\/index.php?rest_route=\/wp\/v2\/product\/4826","targetHints":{"allow":["GET"]}}],"collection":[{"href":"https:\/\/swieceharmonii.pl\/index.php?rest_route=\/wp\/v2\/product"}],"about":[{"href":"https:\/\/swieceharmonii.pl\/index.php?rest_route=\/wp\/v2\/types\/product"}],"replies":[{"embeddable":true,"href":"https:\/\/swieceharmonii.pl\/index.php?rest_route=%2Fwp%2Fv2%2Fcomments&post=4826"}],"wp:featuredmedia":[{"embeddable":true,"href":"https:\/\/swieceharmonii.pl\/index.php?rest_route=\/wp\/v2\/media\/4828"}],"wp:attachment":[{"href":"https:\/\/swieceharmonii.pl\/index.php?rest_route=%2Fwp%2Fv2%2Fmedia&parent=4826"}],"wp:term":[{"taxonomy":"product_brand","embeddable":true,"href":"https:\/\/swieceharmonii.pl\/index.php?rest_route=%2Fwp%2Fv2%2Fproduct_brand&post=4826"},{"taxonomy":"product_cat","embeddable":true,"href":"https:\/\/swieceharmonii.pl\/index.php?rest_route=%2Fwp%2Fv2%2Fproduct_cat&post=4826"},{"taxonomy":"product_tag","embeddable":true,"href":"https:\/\/swieceharmonii.pl\/index.php?rest_route=%2Fwp%2Fv2%2Fproduct_tag&post=4826"}],"curies":[{"name":"wp","href":"https:\/\/api.w.org\/{rel}","templated":true}]}}