{"id":4824,"date":"2025-11-01T16:24:35","date_gmt":"2025-11-01T15:24:35","guid":{"rendered":"https:\/\/swieceharmonii.pl\/?post_type=product&#038;p=4824"},"modified":"2025-11-21T14:21:19","modified_gmt":"2025-11-21T13:21:19","slug":"pomaranczarozmaryn","status":"publish","type":"product","link":"https:\/\/swieceharmonii.pl\/?product=pomaranczarozmaryn","title":{"rendered":"Pomara\u0144cza &#038; Rozmaryn"},"content":{"rendered":"<p>\u015awie\u017ca, pe\u0142na \u015bwiat\u0142a pomara\u0144cza spotyka si\u0119 tu z rozmarynem \u2013 symbolem klarowno\u015bci i si\u0142y. Ta \u015bwieca oczyszcza atmosfer\u0119, pomaga skupi\u0107 my\u015bli i przywraca wewn\u0119trzn\u0105 harmoni\u0119. Jest idealnym wyborem w trakcie nauki, a tak\u017ce pracy umys\u0142owej, biurowej i przy komputerze.<br \/>\nIntensywno\u015b\u0107 zapachu: Subtelny, delikatny<\/p>\n<p><strong>Dzia\u0142anie:<\/strong><br \/>\nWspomaga koncentracj\u0119, wzmacnia pami\u0119\u0107, delikatnie pobudza i zmniejsza poczucie zm\u0119czenia.<br \/>\nKoi nerwy i pozwala odpr\u0119\u017cy\u0107 si\u0119, bez poczucia senno\u015bci.<br \/>\nwspomaga odporno\u015b\u0107<br \/>\ndelikatnie odka\u017ca i aromatyzuje powietrze<\/p>\n<p><strong>Dane techniczne:<\/strong><br \/>\nPojemno\u015b\u0107 wosku: ok.180ml<br \/>\nOlejek: Naturalny Olejek Eteryczny<br \/>\nSk\u0142ad: Wosk sojowy, olejek eteryczny<br \/>\nKnot: naturalny drewniany &#8211; bukowy<br \/>\nWieczko: Naturalne drewniane<br \/>\nPojemnik: Szk\u0142o wolne od o\u0142owiu i innych metali ci\u0119\u017ckich &#8211; Produkowane w Polsce<\/p>\n","protected":false},"excerpt":{"rendered":"<p>\u015awie\u017ca, pe\u0142na \u015bwiat\u0142a pomara\u0144cza spotyka si\u0119 tu z rozmarynem \u2013 symbolem klarowno\u015bci i si\u0142y. Ta \u015bwieca oczyszcza atmosfer\u0119, pomaga skupi\u0107 my\u015bli i &#8230; <a title=\"Pomara\u0144cza &#038; Rozmaryn\" class=\"read-more\" href=\"https:\/\/swieceharmonii.pl\/?product=pomaranczarozmaryn\" aria-label=\"Dowiedz si\u0119 wi\u0119cej o Pomara\u0144cza &#038; Rozmaryn\">Czytaj dalej<\/a><\/p>\n","protected":false},"featured_media":4626,"comment_status":"open","ping_status":"closed","template":"","meta":[],"product_brand":[],"product_cat":[26],"product_tag":[],"class_list":{"0":"post-4824","1":"product","2":"type-product","3":"status-publish","4":"has-post-thumbnail","6":"product_cat-swiece-aromaterapia","7":"sales-flash-overlay","8":"woocommerce-text-align-center","9":"woocommerce-image-align-center","10":"do-quantity-buttons","11":"wc-has-gallery","13":"first","14":"instock","15":"shipping-taxable","16":"purchasable","17":"product-type-simple"},"jetpack_sharing_enabled":true,"_links":{"self":[{"href":"https:\/\/swieceharmonii.pl\/index.php?rest_route=\/wp\/v2\/product\/4824","targetHints":{"allow":["GET"]}}],"collection":[{"href":"https:\/\/swieceharmonii.pl\/index.php?rest_route=\/wp\/v2\/product"}],"about":[{"href":"https:\/\/swieceharmonii.pl\/index.php?rest_route=\/wp\/v2\/types\/product"}],"replies":[{"embeddable":true,"href":"https:\/\/swieceharmonii.pl\/index.php?rest_route=%2Fwp%2Fv2%2Fcomments&post=4824"}],"wp:featuredmedia":[{"embeddable":true,"href":"https:\/\/swieceharmonii.pl\/index.php?rest_route=\/wp\/v2\/media\/4626"}],"wp:attachment":[{"href":"https:\/\/swieceharmonii.pl\/index.php?rest_route=%2Fwp%2Fv2%2Fmedia&parent=4824"}],"wp:term":[{"taxonomy":"product_brand","embeddable":true,"href":"https:\/\/swieceharmonii.pl\/index.php?rest_route=%2Fwp%2Fv2%2Fproduct_brand&post=4824"},{"taxonomy":"product_cat","embeddable":true,"href":"https:\/\/swieceharmonii.pl\/index.php?rest_route=%2Fwp%2Fv2%2Fproduct_cat&post=4824"},{"taxonomy":"product_tag","embeddable":true,"href":"https:\/\/swieceharmonii.pl\/index.php?rest_route=%2Fwp%2Fv2%2Fproduct_tag&post=4824"}],"curies":[{"name":"wp","href":"https:\/\/api.w.org\/{rel}","templated":true}]}}