{"id":4821,"date":"2025-11-01T16:07:29","date_gmt":"2025-11-01T15:07:29","guid":{"rendered":"https:\/\/swieceharmonii.pl\/?post_type=product&#038;p=4821"},"modified":"2025-11-21T14:21:19","modified_gmt":"2025-11-21T13:21:19","slug":"mandarynkatymianek","status":"publish","type":"product","link":"https:\/\/swieceharmonii.pl\/?product=mandarynkatymianek","title":{"rendered":"Mandarynka &#038; Tymianek"},"content":{"rendered":"<p>Po\u0142\u0105czenie soczystej mandarynki i zio\u0142owego tymianku przywo\u0142uje \u015bwie\u017co\u015b\u0107 letniego poranka. Ta kompozycja pobudza, oczyszcza i wype\u0142nia przestrze\u0144 naturaln\u0105 energi\u0105. Idealna, gdy potrzebujesz lekko\u015bci, inspiracji i nowego oddechu w ci\u0105gu dnia. W sezonie przezi\u0119bie\u0144, kataru wspiera ona r\u00f3wnie\u017c proces zdrowienia.<\/p>\n<p><strong>Dzia\u0142anie:<\/strong><br \/>\nDzia\u0142a antyseptycznie &#8211; zwalcza szkodliwe grzyby i bakterie zawieszone w powietrzu<br \/>\npozytywnie dzia\u0142a na uk\u0142ad nerwowy, pobudzaj\u0105c i energetyzuj\u0105c<br \/>\nWspiera uk\u0142ad odporno\u015bciowy wspomaga leczenie infekcji dr\u00f3g oddechowych<br \/>\ndzia\u0142a relaksuj\u0105co i antydepresyjnie<\/p>\n<p><strong>Dane techniczne:<\/strong><br \/>\nPojemno\u015b\u0107 wosku: ok.180ml<br \/>\nOlejek: Naturalny Olejek Eteryczny<br \/>\nSk\u0142ad: Wosk sojowy, olejek eteryczny<br \/>\nKnot: naturalny drewniany &#8211; bukowy<br \/>\nWieczko: Naturalne drewniane<br \/>\nPojemnik: Szk\u0142o wolne od o\u0142owiu i innych metali ci\u0119\u017ckich &#8211; Produkowane w Polsce<\/p>\n","protected":false},"excerpt":{"rendered":"<p>Po\u0142\u0105czenie soczystej mandarynki i zio\u0142owego tymianku przywo\u0142uje \u015bwie\u017co\u015b\u0107 letniego poranka. Ta kompozycja pobudza, oczyszcza i wype\u0142nia przestrze\u0144 naturaln\u0105 energi\u0105. Idealna, gdy potrzebujesz &#8230; <a title=\"Mandarynka &#038; Tymianek\" class=\"read-more\" href=\"https:\/\/swieceharmonii.pl\/?product=mandarynkatymianek\" aria-label=\"Dowiedz si\u0119 wi\u0119cej o Mandarynka &#038; Tymianek\">Czytaj dalej<\/a><\/p>\n","protected":false},"featured_media":4822,"comment_status":"open","ping_status":"closed","template":"","meta":[],"product_brand":[],"product_cat":[26],"product_tag":[],"class_list":{"0":"post-4821","1":"product","2":"type-product","3":"status-publish","4":"has-post-thumbnail","6":"product_cat-swiece-aromaterapia","7":"sales-flash-overlay","8":"woocommerce-text-align-center","9":"woocommerce-image-align-center","10":"do-quantity-buttons","11":"wc-has-gallery","13":"first","14":"instock","15":"shipping-taxable","16":"purchasable","17":"product-type-simple"},"jetpack_sharing_enabled":true,"_links":{"self":[{"href":"https:\/\/swieceharmonii.pl\/index.php?rest_route=\/wp\/v2\/product\/4821","targetHints":{"allow":["GET"]}}],"collection":[{"href":"https:\/\/swieceharmonii.pl\/index.php?rest_route=\/wp\/v2\/product"}],"about":[{"href":"https:\/\/swieceharmonii.pl\/index.php?rest_route=\/wp\/v2\/types\/product"}],"replies":[{"embeddable":true,"href":"https:\/\/swieceharmonii.pl\/index.php?rest_route=%2Fwp%2Fv2%2Fcomments&post=4821"}],"wp:featuredmedia":[{"embeddable":true,"href":"https:\/\/swieceharmonii.pl\/index.php?rest_route=\/wp\/v2\/media\/4822"}],"wp:attachment":[{"href":"https:\/\/swieceharmonii.pl\/index.php?rest_route=%2Fwp%2Fv2%2Fmedia&parent=4821"}],"wp:term":[{"taxonomy":"product_brand","embeddable":true,"href":"https:\/\/swieceharmonii.pl\/index.php?rest_route=%2Fwp%2Fv2%2Fproduct_brand&post=4821"},{"taxonomy":"product_cat","embeddable":true,"href":"https:\/\/swieceharmonii.pl\/index.php?rest_route=%2Fwp%2Fv2%2Fproduct_cat&post=4821"},{"taxonomy":"product_tag","embeddable":true,"href":"https:\/\/swieceharmonii.pl\/index.php?rest_route=%2Fwp%2Fv2%2Fproduct_tag&post=4821"}],"curies":[{"name":"wp","href":"https:\/\/api.w.org\/{rel}","templated":true}]}}