{"id":4819,"date":"2025-11-01T15:52:03","date_gmt":"2025-11-01T14:52:03","guid":{"rendered":"https:\/\/swieceharmonii.pl\/?post_type=product&#038;p=4819"},"modified":"2025-11-01T16:07:05","modified_gmt":"2025-11-01T15:07:05","slug":"lawenda","status":"publish","type":"product","link":"https:\/\/swieceharmonii.pl\/?product=lawenda","title":{"rendered":"Lawenda"},"content":{"rendered":"<p data-start=\"103\" data-end=\"378\">Zanurz si\u0119 w koj\u0105cym zapachu lawendy i pozw\u00f3l sobie na chwil\u0119 g\u0142\u0119bokiego oddechu. Ta \u015bwieca otula przestrze\u0144 spokojem, przynosi ukojenie po intensywnym dniu i pomaga odnale\u017a\u0107 harmoni\u0119 wewn\u0119trzn\u0105. To ma\u0142y rytua\u0142 relaksu, kt\u00f3ry przywraca r\u00f3wnowag\u0119 cia\u0142a i umys\u0142u.<\/p>\n<p><strong>Dzia\u0142anie:<\/strong><br \/>\nPomaga redukowa\u0107 stres, napi\u0119cie nerwowe i uczucie l\u0119ku.<br \/>\nJest idealna do stosowania przed snem, u\u0142atwiaj\u0105c zasypianie i poprawiaj\u0105c jako\u015b\u0107 snu.<br \/>\nMo\u017ce pom\u00f3c w \u0142agodzeniu b\u00f3lu g\u0142owy<\/p>\n<p><strong>Dane techniczne:<\/strong><br \/>\nPojemno\u015b\u0107 wosku: ok.180ml<br \/>\nOlejek: Naturalny Olejek Eteryczny Lawendowy<br \/>\nSk\u0142ad: Wosk sojowy, olejek eteryczny<br \/>\nKnot: naturalny drewniany &#8211; bukowy<br \/>\nWieczko: Naturalne drewniane<br \/>\nPojemnik: Szk\u0142o wolne od o\u0142owiu i innych metali ci\u0119\u017ckich &#8211; Produkowane w Polsce<\/p>\n","protected":false},"excerpt":{"rendered":"<p>Zanurz si\u0119 w koj\u0105cym zapachu lawendy i pozw\u00f3l sobie na chwil\u0119 g\u0142\u0119bokiego oddechu. Ta \u015bwieca otula przestrze\u0144 spokojem, przynosi ukojenie po intensywnym &#8230; <a title=\"Lawenda\" class=\"read-more\" href=\"https:\/\/swieceharmonii.pl\/?product=lawenda\" aria-label=\"Dowiedz si\u0119 wi\u0119cej o Lawenda\">Czytaj dalej<\/a><\/p>\n","protected":false},"featured_media":4710,"comment_status":"open","ping_status":"closed","template":"","meta":[],"product_brand":[],"product_cat":[26],"product_tag":[],"class_list":{"0":"post-4819","1":"product","2":"type-product","3":"status-publish","4":"has-post-thumbnail","6":"product_cat-swiece-aromaterapia","7":"sales-flash-overlay","8":"woocommerce-text-align-center","9":"woocommerce-image-align-center","10":"do-quantity-buttons","11":"wc-has-gallery","13":"first","14":"instock","15":"shipping-taxable","16":"purchasable","17":"product-type-simple"},"jetpack_sharing_enabled":true,"_links":{"self":[{"href":"https:\/\/swieceharmonii.pl\/index.php?rest_route=\/wp\/v2\/product\/4819","targetHints":{"allow":["GET"]}}],"collection":[{"href":"https:\/\/swieceharmonii.pl\/index.php?rest_route=\/wp\/v2\/product"}],"about":[{"href":"https:\/\/swieceharmonii.pl\/index.php?rest_route=\/wp\/v2\/types\/product"}],"replies":[{"embeddable":true,"href":"https:\/\/swieceharmonii.pl\/index.php?rest_route=%2Fwp%2Fv2%2Fcomments&post=4819"}],"wp:featuredmedia":[{"embeddable":true,"href":"https:\/\/swieceharmonii.pl\/index.php?rest_route=\/wp\/v2\/media\/4710"}],"wp:attachment":[{"href":"https:\/\/swieceharmonii.pl\/index.php?rest_route=%2Fwp%2Fv2%2Fmedia&parent=4819"}],"wp:term":[{"taxonomy":"product_brand","embeddable":true,"href":"https:\/\/swieceharmonii.pl\/index.php?rest_route=%2Fwp%2Fv2%2Fproduct_brand&post=4819"},{"taxonomy":"product_cat","embeddable":true,"href":"https:\/\/swieceharmonii.pl\/index.php?rest_route=%2Fwp%2Fv2%2Fproduct_cat&post=4819"},{"taxonomy":"product_tag","embeddable":true,"href":"https:\/\/swieceharmonii.pl\/index.php?rest_route=%2Fwp%2Fv2%2Fproduct_tag&post=4819"}],"curies":[{"name":"wp","href":"https:\/\/api.w.org\/{rel}","templated":true}]}}