{"id":4815,"date":"2025-11-01T14:30:18","date_gmt":"2025-11-01T13:30:18","guid":{"rendered":"https:\/\/swieceharmonii.pl\/?post_type=product&#038;p=4815"},"modified":"2025-11-06T19:30:53","modified_gmt":"2025-11-06T18:30:53","slug":"pakowanie-prezentowe","status":"publish","type":"product","link":"https:\/\/swieceharmonii.pl\/?product=pakowanie-prezentowe","title":{"rendered":"Pakowanie prezentowe"},"content":{"rendered":"<p>Chcesz, by Twoja \u015bwieca sta\u0142a si\u0119 wyj\u0105tkowym prezentem? Wybierz opcj\u0119 pakowania prezentowego, gdzie ka\u017cdy upominek przygotowuj\u0119 z dba\u0142o\u015bci\u0105 o detale. \u015awieca zostaje umieszczona w kartonowym pude\u0142ku z naturalnym wype\u0142nieniem i przewi\u0105zana wst\u0105\u017ck\u0105 z kokardk\u0105. Prosty, elegancki spos\u00f3b, by podarowa\u0107 komu\u015b odrobin\u0119 ciep\u0142a i pi\u0119kna zakl\u0119tego w p\u0142omieniu \u015bwiecy.<\/p>\n<p>Je\u015bli kupujesz wi\u0119cej \u015bwiec a tylko kilka lub jedn\u0105 chcesz zapakowa\u0107 za prezent w uwagach do zam\u00f3wienia napisz koniecznie, jakie zapachy mam przygotowa\u0107 w kartoniku.<\/p>\n","protected":false},"excerpt":{"rendered":"<p>Chcesz, by Twoja \u015bwieca sta\u0142a si\u0119 wyj\u0105tkowym prezentem? Wybierz opcj\u0119 pakowania prezentowego, gdzie ka\u017cdy upominek przygotowuj\u0119 z dba\u0142o\u015bci\u0105 o detale. \u015awieca zostaje &#8230; <a title=\"Pakowanie prezentowe\" class=\"read-more\" href=\"https:\/\/swieceharmonii.pl\/?product=pakowanie-prezentowe\" aria-label=\"Dowiedz si\u0119 wi\u0119cej o Pakowanie prezentowe\">Czytaj dalej<\/a><\/p>\n","protected":false},"featured_media":4816,"comment_status":"open","ping_status":"closed","template":"","meta":[],"product_brand":[],"product_cat":[26,25],"product_tag":[],"class_list":{"0":"post-4815","1":"product","2":"type-product","3":"status-publish","4":"has-post-thumbnail","6":"product_cat-swiece-aromaterapia","7":"product_cat-swiece-zapachowe","8":"sales-flash-overlay","9":"woocommerce-text-align-center","10":"woocommerce-image-align-center","11":"do-quantity-buttons","13":"first","14":"instock","15":"shipping-taxable","16":"purchasable","17":"product-type-simple"},"jetpack_sharing_enabled":true,"_links":{"self":[{"href":"https:\/\/swieceharmonii.pl\/index.php?rest_route=\/wp\/v2\/product\/4815","targetHints":{"allow":["GET"]}}],"collection":[{"href":"https:\/\/swieceharmonii.pl\/index.php?rest_route=\/wp\/v2\/product"}],"about":[{"href":"https:\/\/swieceharmonii.pl\/index.php?rest_route=\/wp\/v2\/types\/product"}],"replies":[{"embeddable":true,"href":"https:\/\/swieceharmonii.pl\/index.php?rest_route=%2Fwp%2Fv2%2Fcomments&post=4815"}],"wp:featuredmedia":[{"embeddable":true,"href":"https:\/\/swieceharmonii.pl\/index.php?rest_route=\/wp\/v2\/media\/4816"}],"wp:attachment":[{"href":"https:\/\/swieceharmonii.pl\/index.php?rest_route=%2Fwp%2Fv2%2Fmedia&parent=4815"}],"wp:term":[{"taxonomy":"product_brand","embeddable":true,"href":"https:\/\/swieceharmonii.pl\/index.php?rest_route=%2Fwp%2Fv2%2Fproduct_brand&post=4815"},{"taxonomy":"product_cat","embeddable":true,"href":"https:\/\/swieceharmonii.pl\/index.php?rest_route=%2Fwp%2Fv2%2Fproduct_cat&post=4815"},{"taxonomy":"product_tag","embeddable":true,"href":"https:\/\/swieceharmonii.pl\/index.php?rest_route=%2Fwp%2Fv2%2Fproduct_tag&post=4815"}],"curies":[{"name":"wp","href":"https:\/\/api.w.org\/{rel}","templated":true}]}}