{"id":4807,"date":"2025-10-31T19:00:53","date_gmt":"2025-10-31T18:00:53","guid":{"rendered":"https:\/\/swieceharmonii.pl\/?post_type=product&#038;p=4807"},"modified":"2025-11-14T12:37:26","modified_gmt":"2025-11-14T11:37:26","slug":"indywidualny-projekt-bizuterii","status":"publish","type":"product","link":"https:\/\/swieceharmonii.pl\/?product=indywidualny-projekt-bizuterii","title":{"rendered":"Indywidualny Projekt Bi\u017cuterii"},"content":{"rendered":"<h3 data-start=\"129\" data-end=\"204\"><strong data-start=\"133\" data-end=\"204\">Indywidualny projekt bi\u017cuterii \u2014 bransoletka, naszyjnik lub komplet<\/strong><\/h3>\n<p data-start=\"206\" data-end=\"571\">Pozw\u00f3l sobie na co\u015b naprawd\u0119 wyj\u0105tkowego \u2014 bi\u017cuteri\u0119 tworzon\u0105 <strong data-start=\"268\" data-end=\"293\">specjalnie dla Ciebie<\/strong>, z intencj\u0105, uwa\u017cno\u015bci\u0105 i pi\u0119knem, kt\u00f3re p\u0142ynie prosto z serca.<br data-start=\"357\" data-end=\"360\" \/>Ka\u017cdy projekt powstaje r\u0119cznie, w mojej ma\u0142ej pracowni, gdzie nie ma miejsca na masowe wzory czy przypadkowe po\u0142\u0105czenia. To proces, w kt\u00f3rym <strong data-start=\"501\" data-end=\"570\">Twoja energia i moja tw\u00f3rcza wizja spotykaj\u0105 si\u0119 w jednym punkcie<\/strong>.<\/p>\n<p data-start=\"573\" data-end=\"676\">Mo\u017cesz wybra\u0107:<br data-start=\"587\" data-end=\"590\" \/>\u2728 <strong data-start=\"592\" data-end=\"607\">Bransoletk\u0119<\/strong><br data-start=\"607\" data-end=\"610\" \/>\u2728 <strong data-start=\"612\" data-end=\"625\">Naszyjnik<\/strong><br data-start=\"625\" data-end=\"628\" \/>\u2728 <strong data-start=\"630\" data-end=\"641\">Komplet<\/strong>, kt\u00f3ry stanowi harmonijn\u0105 ca\u0142o\u015b\u0107<\/p>\n<p data-start=\"678\" data-end=\"940\">To, co wsp\u00f3lnie stworzymy, mo\u017ce opiera\u0107 si\u0119 na:<br data-start=\"725\" data-end=\"728\" \/>\ud83c\udf3f inspiracji, kt\u00f3r\u0105 przyniesiesz,<br data-start=\"762\" data-end=\"765\" \/>\ud83c\udf3f Twojej ukochanej kolorystyce i estetyce,<br data-start=\"808\" data-end=\"811\" \/>\ud83c\udf3f intencji, kt\u00f3r\u0105 pragniesz wzmocni\u0107,<br data-start=\"849\" data-end=\"852\" \/>\ud83c\udf3f wsparciu na danym etapie \u017cycia,<br data-start=\"886\" data-end=\"889\" \/>\ud83c\udf3f energii kamieni, kt\u00f3re wsp\u00f3\u0142graj\u0105 z Twoj\u0105 drog\u0105.<\/p>\n<p data-start=\"942\" data-end=\"1298\">Tworzona przeze mnie bi\u017cuteria jest <strong data-start=\"978\" data-end=\"1014\">unikalna, osobista i symboliczna<\/strong> \u2014 powstaje w dialogu, z pe\u0142nym zaanga\u017cowaniem i szacunkiem do Twoich potrzeb.<br data-start=\"1092\" data-end=\"1095\" \/>To nie tylko ozdoba. To <strong data-start=\"1119\" data-end=\"1129\">amulet<\/strong>, kt\u00f3ry ma Ci\u0119 wspiera\u0107, przypomina\u0107 o Twojej mocy, chroni\u0107, dodawa\u0107 odwagi lub otula\u0107 delikatno\u015bci\u0105 \u2014 w zale\u017cno\u015bci od tego, czego w tej chwili najbardziej potrzebujesz.<\/p>\n<p data-start=\"1300\" data-end=\"1549\">Nie znajdziesz tu hurtowych rozwi\u0105za\u0144 ani powtarzalnych projekt\u00f3w.<br data-start=\"1366\" data-end=\"1369\" \/>Znajdziesz za to <strong data-start=\"1386\" data-end=\"1411\">r\u0119kodzie\u0142o z intencj\u0105<\/strong>, pi\u0119kno natury zamkni\u0119te w kamieniach i tw\u00f3rczy proces, kt\u00f3rego efektem jest co\u015b jedynego w swoim rodzaju \u2014 stworzonego tylko dla Ciebie.<\/p>\n","protected":false},"excerpt":{"rendered":"<p>Indywidualny projekt bi\u017cuterii \u2014 bransoletka, naszyjnik lub komplet Pozw\u00f3l sobie na co\u015b naprawd\u0119 wyj\u0105tkowego \u2014 bi\u017cuteri\u0119 tworzon\u0105 specjalnie dla Ciebie, z intencj\u0105, &#8230; <a title=\"Indywidualny Projekt Bi\u017cuterii\" class=\"read-more\" href=\"https:\/\/swieceharmonii.pl\/?product=indywidualny-projekt-bizuterii\" aria-label=\"Dowiedz si\u0119 wi\u0119cej o Indywidualny Projekt Bi\u017cuterii\">Czytaj dalej<\/a><\/p>\n","protected":false},"featured_media":4803,"comment_status":"open","ping_status":"closed","template":"","meta":[],"product_brand":[],"product_cat":[28],"product_tag":[],"class_list":{"0":"post-4807","1":"product","2":"type-product","3":"status-publish","4":"has-post-thumbnail","6":"product_cat-bizuteria","7":"pa_opcje-bransoletka","8":"pa_opcje-komplet","9":"pa_opcje-naszyjnik","10":"sales-flash-overlay","11":"woocommerce-text-align-center","12":"woocommerce-image-align-center","13":"do-quantity-buttons","14":"wc-has-gallery","16":"first","17":"instock","18":"shipping-taxable","19":"purchasable","20":"product-type-variable"},"jetpack_sharing_enabled":true,"_links":{"self":[{"href":"https:\/\/swieceharmonii.pl\/index.php?rest_route=\/wp\/v2\/product\/4807","targetHints":{"allow":["GET"]}}],"collection":[{"href":"https:\/\/swieceharmonii.pl\/index.php?rest_route=\/wp\/v2\/product"}],"about":[{"href":"https:\/\/swieceharmonii.pl\/index.php?rest_route=\/wp\/v2\/types\/product"}],"replies":[{"embeddable":true,"href":"https:\/\/swieceharmonii.pl\/index.php?rest_route=%2Fwp%2Fv2%2Fcomments&post=4807"}],"wp:featuredmedia":[{"embeddable":true,"href":"https:\/\/swieceharmonii.pl\/index.php?rest_route=\/wp\/v2\/media\/4803"}],"wp:attachment":[{"href":"https:\/\/swieceharmonii.pl\/index.php?rest_route=%2Fwp%2Fv2%2Fmedia&parent=4807"}],"wp:term":[{"taxonomy":"product_brand","embeddable":true,"href":"https:\/\/swieceharmonii.pl\/index.php?rest_route=%2Fwp%2Fv2%2Fproduct_brand&post=4807"},{"taxonomy":"product_cat","embeddable":true,"href":"https:\/\/swieceharmonii.pl\/index.php?rest_route=%2Fwp%2Fv2%2Fproduct_cat&post=4807"},{"taxonomy":"product_tag","embeddable":true,"href":"https:\/\/swieceharmonii.pl\/index.php?rest_route=%2Fwp%2Fv2%2Fproduct_tag&post=4807"}],"curies":[{"name":"wp","href":"https:\/\/api.w.org\/{rel}","templated":true}]}}