{"id":4709,"date":"2025-10-30T21:09:06","date_gmt":"2025-10-30T20:09:06","guid":{"rendered":"https:\/\/swieceharmonii.pl\/?post_type=product&#038;p=4709"},"modified":"2025-11-01T16:55:29","modified_gmt":"2025-11-01T15:55:29","slug":"sosna","status":"publish","type":"product","link":"https:\/\/swieceharmonii.pl\/?product=sosna","title":{"rendered":"Sosna"},"content":{"rendered":"<p>Zamknij oczy i poczuj, jak las budzi si\u0119 do \u017cycia. Aromat sosny wype\u0142nia przestrze\u0144 \u015bwie\u017co\u015bci\u0105 lasu, przywo\u0142uj\u0105c wspomnienie spokojnych spacer\u00f3w w\u015br\u00f3d drzew. Pomaga si\u0119 ugruntowa\u0107, odetchn\u0105\u0107 pe\u0142n\u0105 piersi\u0105 i odnale\u017a\u0107 w sobie naturaln\u0105 si\u0142\u0119 oraz klarowno\u015b\u0107 my\u015bli. To zapach, kt\u00f3ry przywraca wewn\u0119trzn\u0105 r\u00f3wnowag\u0119.<\/p>\n<p><strong>Dzia\u0142anie:<br \/>\n<\/strong>Wspiera leczenie infekcji dr\u00f3g oddechowych, przezi\u0119bie\u0144 oraz grypy.<br \/>\nSprawdza si\u0119 jako naturalny \u015brodek oczyszczaj\u0105cy powietrze.<br \/>\nDzia\u0142a r\u00f3wnie\u017c pobudzaj\u0105co i od\u015bwie\u017caj\u0105co, gdy jeste\u015bmy zm\u0119czeni<\/p>\n<p>Dane techniczne:<br \/>\nPojemno\u015b\u0107 wosku: ok.180ml<br \/>\nOlejek: Naturalny Olejek Eteryczny<br \/>\nSk\u0142ad: Wosk sojowy, olejek eteryczny<br \/>\nKnot: naturalny drewniany &#8211; bukowy<br \/>\nWieczko: Naturalne drewniane<br \/>\nPojemnik: Szk\u0142o wolne od o\u0142owiu i innych metali ci\u0119\u017ckich &#8211; Produkowane w Polsce<\/p>\n","protected":false},"excerpt":{"rendered":"<p>Zamknij oczy i poczuj, jak las budzi si\u0119 do \u017cycia. Aromat sosny wype\u0142nia przestrze\u0144 \u015bwie\u017co\u015bci\u0105 lasu, przywo\u0142uj\u0105c wspomnienie spokojnych spacer\u00f3w w\u015br\u00f3d drzew. &#8230; <a title=\"Sosna\" class=\"read-more\" href=\"https:\/\/swieceharmonii.pl\/?product=sosna\" aria-label=\"Dowiedz si\u0119 wi\u0119cej o Sosna\">Czytaj dalej<\/a><\/p>\n","protected":false},"featured_media":4710,"comment_status":"open","ping_status":"closed","template":"","meta":[],"product_brand":[],"product_cat":[26],"product_tag":[],"class_list":{"0":"post-4709","1":"product","2":"type-product","3":"status-publish","4":"has-post-thumbnail","6":"product_cat-swiece-aromaterapia","7":"sales-flash-overlay","8":"woocommerce-text-align-center","9":"woocommerce-image-align-center","10":"do-quantity-buttons","11":"wc-has-gallery","13":"first","14":"instock","15":"shipping-taxable","16":"purchasable","17":"product-type-simple"},"jetpack_sharing_enabled":true,"_links":{"self":[{"href":"https:\/\/swieceharmonii.pl\/index.php?rest_route=\/wp\/v2\/product\/4709","targetHints":{"allow":["GET"]}}],"collection":[{"href":"https:\/\/swieceharmonii.pl\/index.php?rest_route=\/wp\/v2\/product"}],"about":[{"href":"https:\/\/swieceharmonii.pl\/index.php?rest_route=\/wp\/v2\/types\/product"}],"replies":[{"embeddable":true,"href":"https:\/\/swieceharmonii.pl\/index.php?rest_route=%2Fwp%2Fv2%2Fcomments&post=4709"}],"wp:featuredmedia":[{"embeddable":true,"href":"https:\/\/swieceharmonii.pl\/index.php?rest_route=\/wp\/v2\/media\/4710"}],"wp:attachment":[{"href":"https:\/\/swieceharmonii.pl\/index.php?rest_route=%2Fwp%2Fv2%2Fmedia&parent=4709"}],"wp:term":[{"taxonomy":"product_brand","embeddable":true,"href":"https:\/\/swieceharmonii.pl\/index.php?rest_route=%2Fwp%2Fv2%2Fproduct_brand&post=4709"},{"taxonomy":"product_cat","embeddable":true,"href":"https:\/\/swieceharmonii.pl\/index.php?rest_route=%2Fwp%2Fv2%2Fproduct_cat&post=4709"},{"taxonomy":"product_tag","embeddable":true,"href":"https:\/\/swieceharmonii.pl\/index.php?rest_route=%2Fwp%2Fv2%2Fproduct_tag&post=4709"}],"curies":[{"name":"wp","href":"https:\/\/api.w.org\/{rel}","templated":true}]}}