{"id":4708,"date":"2025-10-30T21:00:56","date_gmt":"2025-10-30T20:00:56","guid":{"rendered":"https:\/\/swieceharmonii.pl\/?post_type=product&#038;p=4708"},"modified":"2025-11-06T19:22:54","modified_gmt":"2025-11-06T18:22:54","slug":"lesny-oddech","status":"publish","type":"product","link":"https:\/\/swieceharmonii.pl\/?product=lesny-oddech","title":{"rendered":"\u015awieca sojowa zapachowa LE\u015aNY ODDECH"},"content":{"rendered":"<p>\u201eLe\u015bny Oddech\u201d to <strong data-start=\"509\" data-end=\"542\">r\u0119cznie robiona \u015bwieca sojowa<\/strong> inspirowana magi\u0105 lasu. Autorska kompozycja zapachowa wprowadza w \u015bwiat \u015bwie\u017co\u015bci drzew, mchu i ziemi, przywo\u0142uj\u0105c wspomnienie <strong data-start=\"674\" data-end=\"693\">le\u015bnych k\u0105pieli<\/strong> i kontaktu z natur\u0105. To <strong data-start=\"718\" data-end=\"748\">naturalna \u015bwieca zapachowa<\/strong>, kt\u00f3ra budzi zmys\u0142y, otula spokojem i przynosi harmoni\u0119. Idealna dla mi\u0142o\u015bnik\u00f3w przyrody i le\u015bnych aromat\u00f3w.<\/p>\n<p><strong>Dane techniczne:<\/strong><br \/>\nPojemno\u015b\u0107 wosku: ok.180ml<br \/>\nOlejek: Autorska Kompozycja Olejk\u00f3w Zapachowych<br \/>\nSk\u0142ad: Wosk sojowy, olejki zapachowe<br \/>\nKnot: naturalny drewniany &#8211; bukowy<br \/>\nWieczko: Naturalne drewniane<br \/>\nPojemnik: Szk\u0142o wolne od o\u0142owiu i innych metali ci\u0119\u017ckich &#8211; Produkowane w Polsce<\/p>\n","protected":false},"excerpt":{"rendered":"<p>Je\u015bli chcesz aby \u015bwieca by\u0142a zapakowana na prezent dobierz <a href=\"https:\/\/swieceharmonii.pl\/?product=pakowanie-prezentowe\">opakowanie prezentowe tutaj.<\/a><\/p>\n","protected":false},"featured_media":4617,"comment_status":"open","ping_status":"closed","template":"","meta":[],"product_brand":[],"product_cat":[25],"product_tag":[],"class_list":{"0":"post-4708","1":"product","2":"type-product","3":"status-publish","4":"has-post-thumbnail","6":"product_cat-swiece-zapachowe","7":"pa_pakowanie-bez-opakowania","8":"pa_pakowanie-kartonik-prezentowy","9":"sales-flash-overlay","10":"woocommerce-text-align-center","11":"woocommerce-image-align-center","12":"do-quantity-buttons","14":"first","15":"instock","16":"shipping-taxable","17":"purchasable","18":"product-type-simple"},"jetpack_sharing_enabled":true,"_links":{"self":[{"href":"https:\/\/swieceharmonii.pl\/index.php?rest_route=\/wp\/v2\/product\/4708","targetHints":{"allow":["GET"]}}],"collection":[{"href":"https:\/\/swieceharmonii.pl\/index.php?rest_route=\/wp\/v2\/product"}],"about":[{"href":"https:\/\/swieceharmonii.pl\/index.php?rest_route=\/wp\/v2\/types\/product"}],"replies":[{"embeddable":true,"href":"https:\/\/swieceharmonii.pl\/index.php?rest_route=%2Fwp%2Fv2%2Fcomments&post=4708"}],"wp:featuredmedia":[{"embeddable":true,"href":"https:\/\/swieceharmonii.pl\/index.php?rest_route=\/wp\/v2\/media\/4617"}],"wp:attachment":[{"href":"https:\/\/swieceharmonii.pl\/index.php?rest_route=%2Fwp%2Fv2%2Fmedia&parent=4708"}],"wp:term":[{"taxonomy":"product_brand","embeddable":true,"href":"https:\/\/swieceharmonii.pl\/index.php?rest_route=%2Fwp%2Fv2%2Fproduct_brand&post=4708"},{"taxonomy":"product_cat","embeddable":true,"href":"https:\/\/swieceharmonii.pl\/index.php?rest_route=%2Fwp%2Fv2%2Fproduct_cat&post=4708"},{"taxonomy":"product_tag","embeddable":true,"href":"https:\/\/swieceharmonii.pl\/index.php?rest_route=%2Fwp%2Fv2%2Fproduct_tag&post=4708"}],"curies":[{"name":"wp","href":"https:\/\/api.w.org\/{rel}","templated":true}]}}