{"id":3589,"date":"2021-01-30T19:30:13","date_gmt":"2021-01-30T19:30:13","guid":{"rendered":"https:\/\/sites.generatepress.com\/shop\/?page_id=3589"},"modified":"2025-11-06T14:32:52","modified_gmt":"2025-11-06T13:32:52","slug":"contact","status":"publish","type":"page","link":"http:\/\/swieceharmonii.pl\/?page_id=3589","title":{"rendered":"Kontakt"},"content":{"rendered":"\n<div class=\"gb-element-f146fba8\">\n<div class=\"gb-element-1c401b05\">\n<div class=\"gb-element-1b2713f2\">\n<div class=\"gb-element-15a27611\">\n<h2 class=\"gb-text\">Porozmawiajmy \ud83d\ude42<\/h2>\n\n\n\n<p>Je\u015bli masz jakiekolwiek pytania, chcesz co\u015b rozwia\u0107 lub te\u017c &#8222;po ludzku&#8221; dobra\u0107 produkt idealny dla siebie czy na prezent \u015bmia\u0142o dzwo\u0144, lub napisz wiadomo\u015b\u0107. <br>Mo\u017ce masz w g\u0142owie inspiracj\u0119 lub pomys\u0142 rozwoju swojej marki i pragniesz stworzy\u0107 co\u015b personalizowanego &#8211; ch\u0119tnie potowarzysz\u0119 Ci w tej przygodzie by stworzy\u0107 co\u015b wsp\u00f3lnie!<\/p>\n<\/div>\n<\/div>\n\n\n\n<div class=\"gb-element-9fc3e8d3\">\n<div class=\"gb-element-b201c409\">\n<div>\n<p class=\"gb-text-30421b69\"><span class=\"gb-shape\"><svg xmlns=\"http:\/\/www.w3.org\/2000\/svg\" viewBox=\"0 0 16 22\"><path d=\"M13 22H3c-1.7 0-3-1.3-3-3V3c0-1.7 1.3-3 3-3h10c1.7 0 3 1.3 3 3v16c0 1.7-1.3 3-3 3zM3 2c-.6 0-1 .4-1 1v16c0 .6.4 1 1 1h10c.6 0 1-.4 1-1V3c0-.6-.4-1-1-1H3z\"><\/path><path d=\"M8 18c-.6 0-1-.4-1-1s.4-1 1-1 1 .4 1 1-.4 1-1 1z\"><\/path><\/svg><\/span><span class=\"gb-text\">+48737497210<br>e-mail kontakt@swieceharmonii.pl<\/span><\/p>\n<\/div>\n\n\n\n<p class=\"gb-text-c3c92f55\"><span class=\"gb-shape\"><svg xmlns=\"http:\/\/www.w3.org\/2000\/svg\" viewBox=\"0 0 20 24\"><path d=\"M10 24c-.2 0-.4-.1-.6-.2C9.1 23.6 0 17.4 0 10 0 4.5 4.5 0 10 0s10 4.5 10 10c0 7.4-9.1 13.6-9.4 13.8-.2.1-.4.2-.6.2zm0-22c-4.4 0-8 3.6-8 8 0 5.4 6.1 10.4 8 11.8 1.9-1.4 8-6.4 8-11.8 0-4.4-3.6-8-8-8z\"><\/path><path d=\"M10 14c-2.2 0-4-1.8-4-4s1.8-4 4-4 4 1.8 4 4-1.8 4-4 4zm0-6c-1.1 0-2 .9-2 2s.9 2 2 2 2-.9 2-2-.9-2-2-2z\"><\/path><\/svg><\/span><span class=\"gb-text\">Holistic Harmony Ewa Fluder<br>ul. Bratys\u0142awska 14 lok. 109 <br>94-040 \u0141\u00f3d\u017a<\/span><\/p>\n<\/div>\n<\/div>\n<\/div>\n<\/div>\n\n\n\n<div class=\"gb-element-7aacf501\">\n<div class=\"gb-element-fee26305\"><\/div>\n\n\n\n<div class=\"gb-element-dd17db7d\">\n<div class=\"gb-element-1df2c711\">\n<div class=\"gb-element-1f627a5c\">\n<h3 class=\"gb-text gb-text-0ba7455c\">Skontaktuj si\u0119 <\/h3>\n\n\n\n<p class=\"gb-text gb-text-249ebdea\">Odpowiem tak szybko jak to mo\u017cliwe.<\/p>\n<\/div>\n\n\n\n<div class=\"gb-element-742d3cc9\">\n<p>Add your contact form here.<\/p>\n<\/div>\n<\/div>\n<\/div>\n<\/div>\n\n\n\n<p><\/p>\n","protected":false},"excerpt":{"rendered":"<p>Porozmawiajmy \ud83d\ude42 Je\u015bli masz jakiekolwiek pytania, chcesz co\u015b rozwia\u0107 lub te\u017c &#8222;po ludzku&#8221; dobra\u0107 produkt idealny dla siebie czy na prezent \u015bmia\u0142o &#8230; <a title=\"Kontakt\" class=\"read-more\" href=\"http:\/\/swieceharmonii.pl\/?page_id=3589\" aria-label=\"Dowiedz si\u0119 wi\u0119cej o Kontakt\">Czytaj dalej<\/a><\/p>\n","protected":false},"author":2,"featured_media":0,"parent":0,"menu_order":0,"comment_status":"closed","ping_status":"closed","template":"","meta":{"footnotes":""},"class_list":["post-3589","page","type-page","status-publish"],"jetpack_sharing_enabled":true,"_links":{"self":[{"href":"http:\/\/swieceharmonii.pl\/index.php?rest_route=\/wp\/v2\/pages\/3589","targetHints":{"allow":["GET"]}}],"collection":[{"href":"http:\/\/swieceharmonii.pl\/index.php?rest_route=\/wp\/v2\/pages"}],"about":[{"href":"http:\/\/swieceharmonii.pl\/index.php?rest_route=\/wp\/v2\/types\/page"}],"author":[{"embeddable":true,"href":"http:\/\/swieceharmonii.pl\/index.php?rest_route=\/wp\/v2\/users\/2"}],"replies":[{"embeddable":true,"href":"http:\/\/swieceharmonii.pl\/index.php?rest_route=%2Fwp%2Fv2%2Fcomments&post=3589"}],"version-history":[{"count":4,"href":"http:\/\/swieceharmonii.pl\/index.php?rest_route=\/wp\/v2\/pages\/3589\/revisions"}],"predecessor-version":[{"id":4844,"href":"http:\/\/swieceharmonii.pl\/index.php?rest_route=\/wp\/v2\/pages\/3589\/revisions\/4844"}],"wp:attachment":[{"href":"http:\/\/swieceharmonii.pl\/index.php?rest_route=%2Fwp%2Fv2%2Fmedia&parent=3589"}],"curies":[{"name":"wp","href":"https:\/\/api.w.org\/{rel}","templated":true}]}}