{"id":3587,"date":"2021-01-30T19:30:03","date_gmt":"2021-01-30T19:30:03","guid":{"rendered":"https:\/\/sites.generatepress.com\/shop\/?page_id=3587"},"modified":"2025-10-31T18:32:13","modified_gmt":"2025-10-31T17:32:13","slug":"o-nas","status":"publish","type":"page","link":"http:\/\/swieceharmonii.pl\/?page_id=3587","title":{"rendered":"Historia Tw\u00f3rczo\u015bci"},"content":{"rendered":"\n<div class=\"gb-element-bad3278b\">\n<div class=\"gb-element-52de8118\">\n<div class=\"gb-element-89b0ffc3\">\n<div class=\"gb-element-ae220aa7\">\n<div class=\"gb-element-91aef26c\">\n<h2 class=\"gb-text\">Prywatna potrzeba \u015bwiec<\/h2>\n\n\n\n<p>Moja przygoda ze \u015bwiecami zacz\u0119\u0142a si\u0119 w gabinecie masa\u017cu, gdzie codziennie pali\u0142am tealighty, by tworzy\u0107 atmosfer\u0119 relaksu. Z czasem zauwa\u017cy\u0142am, \u017ce to, co mia\u0142o przynosi\u0107 ukojenie, wywo\u0142ywa\u0142o b\u00f3le g\u0142owy i z\u0142e samopoczucie. Odkry\u0142am, \u017ce winne by\u0142y parafinowe \u015bwiece \u2014 i wtedy zrodzi\u0142o si\u0119 we mnie pragnienie stworzenia czego\u015b zdrowego, naturalnego i dobrego dla cia\u0142a oraz zmys\u0142\u00f3w.<\/p>\n\n\n\n<p>Tak powsta\u0142a moja ma\u0142a manufaktura \u2014 miejsce, w kt\u00f3rym tworz\u0119 <strong>\u015bwiece sojowe<\/strong> <strong>z mi\u0142o\u015bci\u0105, uwa\u017cno\u015bci\u0105 <\/strong>inspirowane  natur\u0105. Ka\u017cda z nich ma nie\u015b\u0107 spok\u00f3j, przywraca\u0107 harmoni\u0119 i przypomina\u0107 o powrocie do siebie. <\/p>\n\n\n\n<p><br><\/p>\n<\/div>\n<\/div>\n\n\n\n<div class=\"gb-element-ba854c67\">\n<div class=\"gb-element-c131d28c\">\n<figure class=\"wp-block-image size-large photo-shadow img is-style-default\"><img loading=\"lazy\" decoding=\"async\" width=\"683\" height=\"1024\" src=\"https:\/\/swieceharmonii.pl\/wp-content\/uploads\/2025\/10\/Przestrzen-Harmonii_Ewa-Fluder_Andrychow_masaz-relaksacyjny_Stacja-Galicja_Face-Room_40-683x1024.jpg\" alt=\"\" class=\"wp-image-4790\" style=\"aspect-ratio:4\/3;object-fit:cover\"\/><\/figure>\n<\/div>\n<\/div>\n<\/div>\n<\/div>\n<\/div>\n\n\n\n<div class=\"gb-element-8d5f38aa\">\n<div class=\"gb-element-5b626d9f\">\n<div class=\"gb-element-c0e2c865\">\n<div>\n<div class=\"gb-element-a3972d11\">\n<img loading=\"lazy\" decoding=\"async\" width=\"768\" height=\"768\" class=\"gb-media-1896b5e9 photo-shadow img\" src=\"https:\/\/swieceharmonii.pl\/wp-content\/uploads\/2021\/02\/DSC_0642-e1761868622442-768x768.jpg\" alt=\"\" title=\"DSC_0642\" srcset=\"http:\/\/swieceharmonii.pl\/wp-content\/uploads\/2021\/02\/DSC_0642-e1761868622442-768x768.jpg 768w, http:\/\/swieceharmonii.pl\/wp-content\/uploads\/2021\/02\/DSC_0642-e1761868622442-300x300.jpg 300w, http:\/\/swieceharmonii.pl\/wp-content\/uploads\/2021\/02\/DSC_0642-e1761868622442-150x150.jpg 150w, http:\/\/swieceharmonii.pl\/wp-content\/uploads\/2021\/02\/DSC_0642-e1761868622442-400x400.jpg 400w, http:\/\/swieceharmonii.pl\/wp-content\/uploads\/2021\/02\/DSC_0642-e1761868622442-600x600.jpg 600w, http:\/\/swieceharmonii.pl\/wp-content\/uploads\/2021\/02\/DSC_0642-e1761868622442-100x100.jpg 100w, http:\/\/swieceharmonii.pl\/wp-content\/uploads\/2021\/02\/DSC_0642-e1761868622442.jpg 803w\" sizes=\"auto, (max-width: 768px) 100vw, 768px\" \/>\n<\/div>\n<\/div>\n\n\n\n<div>\n<div class=\"gb-element-ff3114e5\">\n<h3 class=\"gb-text\">Tw\u00f3rczo\u015b\u0107 rodzi kreatywno\u015b\u0107<\/h3>\n\n\n\n<p class=\"gb-text\">Z czasem ta pasja przerodzi\u0142a si\u0119 r\u00f3wnie\u017c w tworzenie <strong>bi\u017cuterii z kamieni naturalnych<\/strong>, kt\u00f3ra \u2014 podobnie jak \u015bwiece \u2014 ma wspiera\u0107 w harmonii, doda\u0107 lekko\u015bci i przypomina\u0107 o tym, co w \u017cyciu naprawd\u0119 wa\u017cne. To bi\u017cuteria, kt\u00f3ra nie tylko zdobi, ale r\u00f3wnie\u017c <strong>niesie intencj\u0119 i energi\u0119<\/strong>.<\/p>\n\n\n\n<p><br>Wszystko, co tworz\u0119, powstaje <strong>r\u0119cznie, w ma\u0142ych ilo\u015bciach<\/strong>, z trosk\u0105 o ka\u017cdy detal. Wierz\u0119, \u017ce produkty, kt\u00f3re powstaj\u0105 z mi\u0142o\u015bci\u0105, potrafi\u0105 odmieni\u0107 nasz nastr\u00f3j i codzienno\u015b\u0107 \u2014 w najprostszy, ale najpi\u0119kniejszy spos\u00f3b. <\/p>\n\n\n\n<p><br>Dzi\u0119ki Wielkie, \u017ce tu jeste\u015b! <br><\/p>\n\n\n\n<p class=\"gb-text-95f9162a\"><span class=\"gb-shape\"><svg aria-hidden=\"true\" role=\"img\" height=\"1em\" width=\"1em\" viewBox=\"0 0 512 512\" xmlns=\"http:\/\/www.w3.org\/2000\/svg\"><path fill=\"currentColor\" d=\"M462.3 62.6C407.5 15.9 326 24.3 275.7 76.2L256 96.5l-19.7-20.3C186.1 24.3 104.5 15.9 49.7 62.6c-62.8 53.6-66.1 149.8-9.9 207.9l193.5 199.8c12.5 12.9 32.8 12.9 45.3 0l193.5-199.8c56.3-58.1 53-154.3-9.8-207.9z\"><\/path><\/svg><\/span><span class=\"gb-text\">Wspierasz r\u0119kodzie\u0142o<\/span><\/p>\n<\/div>\n<\/div>\n<\/div>\n<\/div>\n<\/div>\n\n\n\n<div class=\"gb-element-46e051bd\">\n<div class=\"gb-element-6583e5d8\">\n<div class=\"gb-element-64e4b865\">\n<h3 class=\"gb-text gb-text-9ab8ad92\">Masz mo\u017ce jakie\u015b pytania, lub po prostu chcesz porozmawia\u0107?<\/h3>\n<\/div>\n\n\n\n<div class=\"gb-element-a7d2abbc\">\n<a class=\"gb-text-eda52499\" href=\"https:\/\/swieceharmonii.pl\/?page_id=3589\"><span class=\"gb-text\">Skontaktuj si\u0119<\/span><span class=\"gb-shape\"><svg fill=\"none\" xmlns=\"http:\/\/www.w3.org\/2000\/svg\" width=\"15\" height=\"15\"><path d=\"M13.5 7.5l-4-4m4 4l-4 4m4-4H1\" stroke=\"currentColor\"><\/path><\/svg><\/span><\/a>\n<\/div>\n<\/div>\n<\/div>\n\n\n\n<div class=\"gb-element-066327c3\">\n<div class=\"gb-element-fee26305\"><\/div>\n\n\n\n<div class=\"gb-element-d48707e4\">\n<div class=\"gb-element-71793cfd\">\n<div class=\"gb-element-736d3fcd\">\n<h2 class=\"gb-text gb-text-a0e4073d\">Join our monthly newsletter<\/h2>\n\n\n\n<p class=\"gb-text gb-text-991952fd\">Receive exclusive offers and discounts by joining our email list.<\/p>\n<\/div>\n\n\n\n<div class=\"gb-element-f4f497a6\">\n<p>Add your form here<\/p>\n<\/div>\n<\/div>\n<\/div>\n<\/div>\n","protected":false},"excerpt":{"rendered":"<p>Prywatna potrzeba \u015bwiec Moja przygoda ze \u015bwiecami zacz\u0119\u0142a si\u0119 w gabinecie masa\u017cu, gdzie codziennie pali\u0142am tealighty, by tworzy\u0107 atmosfer\u0119 relaksu. Z czasem &#8230; <a title=\"Historia Tw\u00f3rczo\u015bci\" class=\"read-more\" href=\"http:\/\/swieceharmonii.pl\/?page_id=3587\" aria-label=\"Dowiedz si\u0119 wi\u0119cej o Historia Tw\u00f3rczo\u015bci\">Czytaj dalej<\/a><\/p>\n","protected":false},"author":2,"featured_media":0,"parent":0,"menu_order":0,"comment_status":"closed","ping_status":"closed","template":"","meta":{"footnotes":""},"class_list":["post-3587","page","type-page","status-publish"],"jetpack_sharing_enabled":true,"_links":{"self":[{"href":"http:\/\/swieceharmonii.pl\/index.php?rest_route=\/wp\/v2\/pages\/3587","targetHints":{"allow":["GET"]}}],"collection":[{"href":"http:\/\/swieceharmonii.pl\/index.php?rest_route=\/wp\/v2\/pages"}],"about":[{"href":"http:\/\/swieceharmonii.pl\/index.php?rest_route=\/wp\/v2\/types\/page"}],"author":[{"embeddable":true,"href":"http:\/\/swieceharmonii.pl\/index.php?rest_route=\/wp\/v2\/users\/2"}],"replies":[{"embeddable":true,"href":"http:\/\/swieceharmonii.pl\/index.php?rest_route=%2Fwp%2Fv2%2Fcomments&post=3587"}],"version-history":[{"count":8,"href":"http:\/\/swieceharmonii.pl\/index.php?rest_route=\/wp\/v2\/pages\/3587\/revisions"}],"predecessor-version":[{"id":4802,"href":"http:\/\/swieceharmonii.pl\/index.php?rest_route=\/wp\/v2\/pages\/3587\/revisions\/4802"}],"wp:attachment":[{"href":"http:\/\/swieceharmonii.pl\/index.php?rest_route=%2Fwp%2Fv2%2Fmedia&parent=3587"}],"curies":[{"name":"wp","href":"https:\/\/api.w.org\/{rel}","templated":true}]}}